{"id":541,"date":"2018-07-31T11:12:17","date_gmt":"2018-07-31T11:12:17","guid":{"rendered":"https:\/\/vupea.com\/dk\/?page_id=541"},"modified":"2018-07-31T11:13:15","modified_gmt":"2018-07-31T11:13:15","slug":"din-forsikring-i-poker","status":"publish","type":"page","link":"https:\/\/vupea.com\/dk\/din-forsikring-i-poker\/","title":{"rendered":"Din forsikring i poker"},"content":{"rendered":"<p><a href=\"https:\/\/vupea.com\/dk\/wp-content\/uploads\/2017\/12\/forsikring-680.jpg\"><img class=\"alignnone wp-image-239 size-full\" src=\"https:\/\/vupea.com\/dk\/wp-content\/uploads\/2017\/12\/forsikring-680.jpg\" alt=\"forsikring\" width=\"680\" height=\"453\" srcset=\"https:\/\/vupea.com\/dk\/wp-content\/uploads\/2017\/12\/forsikring-680.jpg 680w, https:\/\/vupea.com\/dk\/wp-content\/uploads\/2017\/12\/forsikring-680-300x200.jpg 300w, https:\/\/vupea.com\/dk\/wp-content\/uploads\/2017\/12\/forsikring-680-630x420.jpg 630w, https:\/\/vupea.com\/dk\/wp-content\/uploads\/2017\/12\/forsikring-680-640x426.jpg 640w, https:\/\/vupea.com\/dk\/wp-content\/uploads\/2017\/12\/forsikring-680-24x16.jpg 24w, https:\/\/vupea.com\/dk\/wp-content\/uploads\/2017\/12\/forsikring-680-36x24.jpg 36w, https:\/\/vupea.com\/dk\/wp-content\/uploads\/2017\/12\/forsikring-680-48x32.jpg 48w\" sizes=\"(max-width: 680px) 100vw, 680px\" \/><\/a><\/p>\n<h4>Det ville v\u00e6re noget s\u00e5 vidunderligt, hvis der fandtes en forsikring, der kunne sikre dit spil i poker.<\/h4>\n<h4>Du kan desv\u00e6rre ikke skrive dig op nogle steder, hvor du kan v\u00e6re sikker p\u00e5 at f\u00e5 pengene tilbage, men du kan sikre dig selv, at tingene g\u00e5r, som de skal.<\/h4>\n<p>Forsikringen i poker er nemlig dit eget kendskab til reglerne i poker! Det kan lyde fjollet, men der er bestemt en stor sandhed i det \u2013 hvis du er dygtig til dit spil, s\u00e5 beh\u00f8ver du slet ikke en forsikring.<\/p>\n<h2>Kend reglerne<\/h2>\n<p>F\u00f8ler du ikke, at du har <strong>helt <\/strong>styr p\u00e5 reglerne i poker? S\u00e5 er der heldigvis mange steder, hvor du kan finde hj\u00e6lp til ar kunne dem til ekspertise. Du kan eksempelvis hoppe ind p\u00e5 <a href=\"https:\/\/vindipoker.dk\/poker-regler\/\" class=\"broken_link\">https:\/\/vindipoker.dk\/poker-regler\/<\/a>, hvor du kan l\u00e6se en hel masse om reglerne i poker, men du kan ogs\u00e5 l\u00e6se en masse andet med det overordnede emne \u2019poker\u2019.<\/p>\n<p>N\u00e5r du f\u00f8rst kommer i gang med at kunne reglerne, s\u00e5 vil du bestemt komme til at m\u00e6rke, hvordan tingene \u00e6ndrer sig i dit spil. Eksempelvis vil du kunne m\u00e6rke:<\/p>\n<ul>\n<li>Din tillid vil stige<\/li>\n<li>Du vil f\u00e5 lyst til flere pokerspil<\/li>\n<li>Du vil tjene flere penge<\/li>\n<\/ul>\n<p>I de flestes \u00f8rer vil det lyde helt perfekt. G\u00f8r det ogs\u00e5 det hos dig?<\/p>\n<h2>Her spiller du<\/h2>\n<p>Der er rigtig mange steder, hvor du kan vise alle de ting frem, som du har l\u00e6rt. Det er blevet utrolig popul\u00e6rt at dyrke de online casinos, hvor du kan sidde derhjemme p\u00e5 din computer eller telefon og spille poker. Det vil formentlig ogs\u00e5 v\u00e6re noget for dig, da det er blevet en hel verden i sig selv. Du kan eksempelvis bes\u00f8ge <a href=\"https:\/\/www.pokerstars.dk\/\">PokerStars<\/a>, der er en af de mest popul\u00e6re spillehjemmesider med tiden. Men der er selvf\u00f8lgelig mange andre hjemmesider, der er noget v\u00e6rd, s\u00e5 det handler blot om, at du skal ud p\u00e5 opdagelse.<\/p>\n<h2>Andre forsikringer<\/h2>\n<p>Du kan ikke f\u00e5 en officiel forsikring til dit pokerspil, men du kan f\u00e5 det til mange andre ting. Har du en bil? S\u00e5 kan du eksempelvis l\u00e6se \u201d<a href=\"https:\/\/vupea.com\/dk\/billig-bilforsikring\/\">Find ud af hvordan du kan finde den rigtige bilforsikring til dig<\/a>\u201d, da du p\u00e5 den m\u00e5de lettere kan finde ud af, hvilken forsikring der er den rette for dig.<\/p>\n<p>&nbsp;<\/p>\n","protected":false},"excerpt":{"rendered":"<p>Det ville v\u00e6re noget s\u00e5 vidunderligt, hvis der fandtes en forsikring, der kunne sikre dit spil i poker. Du kan desv\u00e6rre ikke skrive dig op nogle steder, hvor du kan v\u00e6re sikker p\u00e5 at f\u00e5 pengene tilbage, men du kan sikre dig selv, at tingene g\u00e5r, som de skal. Forsikringen i poker er nemlig dit [&hellip;]<\/p>\n","protected":false},"author":1,"featured_media":0,"parent":0,"menu_order":0,"comment_status":"closed","ping_status":"closed","template":"","meta":{"_mi_skip_tracking":false},"yoast_head":"<!-- This site is optimized with the Yoast SEO plugin v19.7.1 - https:\/\/yoast.com\/wordpress\/plugins\/seo\/ -->\n<title>Din forsikring i poker | Vupea<\/title>\n<meta name=\"robots\" content=\"index, follow, max-snippet:-1, max-image-preview:large, max-video-preview:-1\" \/>\n<link rel=\"canonical\" href=\"https:\/\/vupea.com\/dk\/din-forsikring-i-poker\/\" \/>\n<meta property=\"og:locale\" content=\"en_GB\" \/>\n<meta property=\"og:type\" content=\"article\" \/>\n<meta property=\"og:title\" content=\"Din forsikring i poker | Vupea\" \/>\n<meta property=\"og:description\" content=\"Det ville v\u00e6re noget s\u00e5 vidunderligt, hvis der fandtes en forsikring, der kunne sikre dit spil i poker. Du kan desv\u00e6rre ikke skrive dig op nogle steder, hvor du kan v\u00e6re sikker p\u00e5 at f\u00e5 pengene tilbage, men du kan sikre dig selv, at tingene g\u00e5r, som de skal. Forsikringen i poker er nemlig dit [&hellip;]\" \/>\n<meta property=\"og:url\" content=\"https:\/\/vupea.com\/dk\/din-forsikring-i-poker\/\" \/>\n<meta property=\"og:site_name\" content=\"Vupea\" \/>\n<meta property=\"article:modified_time\" content=\"2018-07-31T11:13:15+00:00\" \/>\n<meta property=\"og:image\" content=\"https:\/\/vupea.com\/dk\/wp-content\/uploads\/2017\/12\/forsikring-680.jpg\" \/>\n<meta name=\"twitter:card\" content=\"summary\" \/>\n<meta name=\"twitter:label1\" content=\"Estimated reading time\" \/>\n\t<meta name=\"twitter:data1\" content=\"2 minutes\" \/>\n<script type=\"application\/ld+json\" class=\"yoast-schema-graph\">{\"@context\":\"https:\/\/schema.org\",\"@graph\":[{\"@type\":\"WebPage\",\"@id\":\"https:\/\/vupea.com\/dk\/din-forsikring-i-poker\/\",\"url\":\"https:\/\/vupea.com\/dk\/din-forsikring-i-poker\/\",\"name\":\"Din forsikring i poker | Vupea\",\"isPartOf\":{\"@id\":\"https:\/\/vupea.com\/dk\/#website\"},\"datePublished\":\"2018-07-31T11:12:17+00:00\",\"dateModified\":\"2018-07-31T11:13:15+00:00\",\"breadcrumb\":{\"@id\":\"https:\/\/vupea.com\/dk\/din-forsikring-i-poker\/#breadcrumb\"},\"inLanguage\":\"en-GB\",\"potentialAction\":[{\"@type\":\"ReadAction\",\"target\":[\"https:\/\/vupea.com\/dk\/din-forsikring-i-poker\/\"]}]},{\"@type\":\"BreadcrumbList\",\"@id\":\"https:\/\/vupea.com\/dk\/din-forsikring-i-poker\/#breadcrumb\",\"itemListElement\":[{\"@type\":\"ListItem\",\"position\":1,\"name\":\"Home\",\"item\":\"https:\/\/vupea.com\/dk\/\"},{\"@type\":\"ListItem\",\"position\":2,\"name\":\"Din forsikring i poker\"}]},{\"@type\":\"WebSite\",\"@id\":\"https:\/\/vupea.com\/dk\/#website\",\"url\":\"https:\/\/vupea.com\/dk\/\",\"name\":\"Vupea\",\"description\":\"Uvidenhed kan v&aelig;re dyrt\",\"potentialAction\":[{\"@type\":\"SearchAction\",\"target\":{\"@type\":\"EntryPoint\",\"urlTemplate\":\"https:\/\/vupea.com\/dk\/?s={search_term_string}\"},\"query-input\":\"required name=search_term_string\"}],\"inLanguage\":\"en-GB\"}]}<\/script>\n<!-- \/ Yoast SEO plugin. -->","yoast_head_json":{"title":"Din forsikring i poker | Vupea","robots":{"index":"index","follow":"follow","max-snippet":"max-snippet:-1","max-image-preview":"max-image-preview:large","max-video-preview":"max-video-preview:-1"},"canonical":"https:\/\/vupea.com\/dk\/din-forsikring-i-poker\/","og_locale":"en_GB","og_type":"article","og_title":"Din forsikring i poker | Vupea","og_description":"Det ville v\u00e6re noget s\u00e5 vidunderligt, hvis der fandtes en forsikring, der kunne sikre dit spil i poker. Du kan desv\u00e6rre ikke skrive dig op nogle steder, hvor du kan v\u00e6re sikker p\u00e5 at f\u00e5 pengene tilbage, men du kan sikre dig selv, at tingene g\u00e5r, som de skal. Forsikringen i poker er nemlig dit [&hellip;]","og_url":"https:\/\/vupea.com\/dk\/din-forsikring-i-poker\/","og_site_name":"Vupea","article_modified_time":"2018-07-31T11:13:15+00:00","og_image":[{"url":"https:\/\/vupea.com\/dk\/wp-content\/uploads\/2017\/12\/forsikring-680.jpg"}],"twitter_card":"summary","twitter_misc":{"Estimated reading time":"2 minutes"},"schema":{"@context":"https:\/\/schema.org","@graph":[{"@type":"WebPage","@id":"https:\/\/vupea.com\/dk\/din-forsikring-i-poker\/","url":"https:\/\/vupea.com\/dk\/din-forsikring-i-poker\/","name":"Din forsikring i poker | Vupea","isPartOf":{"@id":"https:\/\/vupea.com\/dk\/#website"},"datePublished":"2018-07-31T11:12:17+00:00","dateModified":"2018-07-31T11:13:15+00:00","breadcrumb":{"@id":"https:\/\/vupea.com\/dk\/din-forsikring-i-poker\/#breadcrumb"},"inLanguage":"en-GB","potentialAction":[{"@type":"ReadAction","target":["https:\/\/vupea.com\/dk\/din-forsikring-i-poker\/"]}]},{"@type":"BreadcrumbList","@id":"https:\/\/vupea.com\/dk\/din-forsikring-i-poker\/#breadcrumb","itemListElement":[{"@type":"ListItem","position":1,"name":"Home","item":"https:\/\/vupea.com\/dk\/"},{"@type":"ListItem","position":2,"name":"Din forsikring i poker"}]},{"@type":"WebSite","@id":"https:\/\/vupea.com\/dk\/#website","url":"https:\/\/vupea.com\/dk\/","name":"Vupea","description":"Uvidenhed kan v&aelig;re dyrt","potentialAction":[{"@type":"SearchAction","target":{"@type":"EntryPoint","urlTemplate":"https:\/\/vupea.com\/dk\/?s={search_term_string}"},"query-input":"required name=search_term_string"}],"inLanguage":"en-GB"}]}},"_links":{"self":[{"href":"https:\/\/vupea.com\/dk\/wp-json\/wp\/v2\/pages\/541"}],"collection":[{"href":"https:\/\/vupea.com\/dk\/wp-json\/wp\/v2\/pages"}],"about":[{"href":"https:\/\/vupea.com\/dk\/wp-json\/wp\/v2\/types\/page"}],"author":[{"embeddable":true,"href":"https:\/\/vupea.com\/dk\/wp-json\/wp\/v2\/users\/1"}],"replies":[{"embeddable":true,"href":"https:\/\/vupea.com\/dk\/wp-json\/wp\/v2\/comments?post=541"}],"version-history":[{"count":2,"href":"https:\/\/vupea.com\/dk\/wp-json\/wp\/v2\/pages\/541\/revisions"}],"predecessor-version":[{"id":543,"href":"https:\/\/vupea.com\/dk\/wp-json\/wp\/v2\/pages\/541\/revisions\/543"}],"wp:attachment":[{"href":"https:\/\/vupea.com\/dk\/wp-json\/wp\/v2\/media?parent=541"}],"curies":[{"name":"wp","href":"https:\/\/api.w.org\/{rel}","templated":true}]}}