{"id":80,"date":"2017-06-10T16:46:35","date_gmt":"2017-06-10T16:46:35","guid":{"rendered":"http:\/\/vupea.com\/dk\/?p=80"},"modified":"2018-04-04T13:42:43","modified_gmt":"2018-04-04T13:42:43","slug":"cookie-og-privatlivspolitik","status":"publish","type":"page","link":"https:\/\/vupea.com\/dk\/cookie-og-privatlivspolitik\/","title":{"rendered":"Cookie- og privatlivspolitik"},"content":{"rendered":"<h4 class=\"p1\">N\u00e5r du bes\u00f8ger vores website indsamles der oplysninger om dig, som bruges til at tilpasse og forbedre vores indhold og til at \u00f8ge v\u00e6rdien af de annoncer, der vises p\u00e5 siden.<\/h4>\n<p>Hvis du ikke \u00f8nsker, at der indsamles oplysninger, b\u00f8r du slette dine cookies (<a href=\"http:\/\/minecookies.org\/cookiehandtering\" class=\"broken_link\">se vejledning<\/a>) og undlade videre brug af websitet. Nedenfor har vi uddybet, hvilke informationer der indsamles, deres form\u00e5l og hvilke tredjeparter, der har adgang til dem.<\/p>\n<div id=\"toc_container\" class=\"toc_white no_bullets\"><p class=\"toc_title\">Indholdsfortegnelse<\/p><ul class=\"toc_list\"><li><a href=\"#Cookies\"><span class=\"toc_number toc_depth_1\">1<\/span> Cookies<\/a><\/li><li><a href=\"#Personoplysninger\"><span class=\"toc_number toc_depth_1\">2<\/span> Personoplysninger<\/a><ul><li><a href=\"#Generelt\"><span class=\"toc_number toc_depth_2\">2.1<\/span> Generelt<\/a><\/li><li><a href=\"#Sikkerhed\"><span class=\"toc_number toc_depth_2\">2.2<\/span> Sikkerhed<\/a><\/li><li><a href=\"#Formal\"><span class=\"toc_number toc_depth_2\">2.3<\/span> Form\u00e5l<\/a><\/li><li><a href=\"#Periode_for_opbevaring\"><span class=\"toc_number toc_depth_2\">2.4<\/span> Periode for opbevaring<\/a><\/li><li><a href=\"#Videregivelse_af_oplysninger\"><span class=\"toc_number toc_depth_2\">2.5<\/span> Videregivelse af oplysninger<\/a><\/li><li><a href=\"#Indsigt_og_klager\"><span class=\"toc_number toc_depth_2\">2.6<\/span> Indsigt og klager<\/a><\/li><\/ul><\/li><li><a href=\"#Udgiver\"><span class=\"toc_number toc_depth_1\">3<\/span> Udgiver<\/a><\/li><\/ul><\/div>\n<h1 class=\"p4\"><span id=\"Cookies\">Cookies<\/span><\/h1>\n<hr \/>\n<p><script id=\"CookieDeclaration\" src=\"https:\/\/consent.cookiebot.com\/d012a832-d0d5-47fa-a046-e05564331d8b\/cd.js\" type=\"text\/javascript\" async><\/script><\/p>\n<h1 class=\"p4\"><span id=\"Personoplysninger\">Personoplysninger<\/span><\/h1>\n<hr \/>\n<h2 class=\"p6\"><span id=\"Generelt\">Generelt<\/span><\/h2>\n<p>Personoplysninger er alle slags informationer, der i et eller andet omfang kan henf\u00f8res til dig. N\u00e5r du benytter vores website indsamler og behandler vi en r\u00e6kke s\u00e5danne informationer. Det sker f.eks. ved alm. tilgang af indhold, hvis du tilmelder dig vores nyhedsbrev, deltager i konkurrencer eller unders\u00f8gelser, registrerer dig som bruger eller abonnent, \u00f8vrig brug af services eller foretager k\u00f8b via websitet.<\/p>\n<p>Vi indsamler og behandler typisk f\u00f8lgende typer af oplysninger: Et unikt ID og tekniske oplysninger om din computer, tablet eller mobiltelefon, dit IP-nummer, geografisk placering, samt hvilke sider du klikker p\u00e5 (interesser). I det omfang du selv giver eksplicit samtykke hertil og selv indtaster informationerne behandles desuden: Navn, telefonnummer, e-mail, adresse og betalingsoplysninger. Det vil typisk v\u00e6re i forbindelse med oprettelse af login eller ved k\u00f8b.<\/p>\n<h2 class=\"p6\"><span id=\"Sikkerhed\">Sikkerhed<\/span><\/h2>\n<p>Vi har truffet tekniske og organisatoriske foranstaltninger mod, at dine oplysninger h\u00e6ndeligt eller ulovligt bliver slettet, offentliggjort, fortabt, forringet eller kommer til uvedkommendes kendskab, misbruges eller i \u00f8vrigt behandles i strid med lovgivningen.<\/p>\n<h2 class=\"p6\"><span id=\"Formal\">Form\u00e5l<\/span><\/h2>\n<p>Oplysningerne bruges til at identificere dig som bruger og vise dig de annoncer, som vil have st\u00f8rst sandsynlighed for at v\u00e6re relevante for dig, at registrere dine k\u00f8b og betalinger, samt at kunne levere de services, du har efterspurgt, som f.eks. at fremsende et nyhedsbrev. Herudover anvender vi oplysningerne til at optimere vores services og indhold.<\/p>\n<h2 class=\"p6\"><span id=\"Periode_for_opbevaring\">Periode for opbevaring<\/span><\/h2>\n<p>Oplysningerne opbevares i det tidsrum, der er tilladt i henhold til lovgivningen, og vi sletter dem, n\u00e5r de ikke l\u00e6ngere er n\u00f8dvendige. Perioden afh\u00e6nger af karakteren af oplysningen og baggrunden for opbevaring. Det er derfor ikke muligt at angive en generel tidsramme for, hvorn\u00e5r informationer slettes.<\/p>\n<h2 class=\"p6\"><span id=\"Videregivelse_af_oplysninger\">Videregivelse af oplysninger<\/span><\/h2>\n<p>Data om din brug af websitet, hvilke annoncer, du modtager og evt. klikker p\u00e5, geografisk placering, k\u00f8n og alderssegment m.v. videregives til tredjeparter i det omfang disse oplysninger er kendt. Du kan se hvilke tredjeparter, der er tale om, i afsnittet om \u201dCookies\u201d ovenfor. Oplysningerne anvendes til m\u00e5lretning af annoncering.<\/p>\n<p>Vi benytter herudover en r\u00e6kke tredjeparter til opbevaring og behandling af data. Disse behandler udelukkende oplysninger p\u00e5 vores vegne og m\u00e5 ikke anvende dem til egne form\u00e5l.<\/p>\n<p>Videregivelse af personoplysninger som navn og e-mail m.v. vil kun ske, hvis du giver samtykke til det. Vi anvender kun databehandlere i EU eller i lande, der kan give dine oplysninger en tilstr\u00e6kkelig beskyttelse.<\/p>\n<h2 class=\"p6\"><span id=\"Indsigt_og_klager\">Indsigt og klager<\/span><\/h2>\n<p>Du har ret til at f\u00e5 oplyst, hvilke personoplysninger, vi behandler om dig. Du kan desuden til enhver tid g\u00f8re indsigelse mod, at oplysninger anvendes. Du kan ogs\u00e5 tilbagekalde dit samtykke til, at der bliver behandlet oplysninger om dig. Hvis de oplysninger, der behandles om dig, er forkerte har du ret til at de bliver rettet eller slettet. Henvendelse herom kan ske til: info@vupea.com Hvis du vil klage over vores behandling af dine personoplysninger, har du ogs\u00e5 mulighed for at tage kontakt til <a href=\"http:\/\/www.datatilsynet.dk\/\">Datatilsynet<\/a>.<\/p>\n<h1 class=\"p4\"><span id=\"Udgiver\">Udgiver<\/span><\/h1>\n<hr \/>\n<p>Websitet ejes og publiceres af:<\/p>\n<p>Vupea IVS<br \/>\nAmagerf\u00e6lledvej 11, 5 tv<br \/>\n2300 K\u00f8benhavn S<br \/>\nCvr. nr:\u00a03718 6732<br \/>\nEmail: info@vupea.com<\/p>\n","protected":false},"excerpt":{"rendered":"<p>N\u00e5r du bes\u00f8ger vores website indsamles der oplysninger om dig, som bruges til at tilpasse og forbedre vores indhold og til at \u00f8ge v\u00e6rdien af de annoncer, der vises p\u00e5 siden. Hvis du ikke \u00f8nsker, at der indsamles oplysninger, b\u00f8r du slette dine cookies (se vejledning) og undlade videre brug af websitet. Nedenfor har vi [&hellip;]<\/p>\n","protected":false},"author":1,"featured_media":0,"parent":0,"menu_order":0,"comment_status":"closed","ping_status":"closed","template":"","meta":{"_mi_skip_tracking":false},"yoast_head":"<!-- This site is optimized with the Yoast SEO plugin v19.7.1 - https:\/\/yoast.com\/wordpress\/plugins\/seo\/ -->\n<title>Cookie- og privatlivspolitik | Vupea<\/title>\n<meta name=\"robots\" content=\"index, follow, max-snippet:-1, max-image-preview:large, max-video-preview:-1\" \/>\n<link rel=\"canonical\" href=\"https:\/\/vupea.com\/dk\/cookie-og-privatlivspolitik\/\" \/>\n<meta property=\"og:locale\" content=\"en_GB\" \/>\n<meta property=\"og:type\" content=\"article\" \/>\n<meta property=\"og:title\" content=\"Cookie- og privatlivspolitik | Vupea\" \/>\n<meta property=\"og:description\" content=\"N\u00e5r du bes\u00f8ger vores website indsamles der oplysninger om dig, som bruges til at tilpasse og forbedre vores indhold og til at \u00f8ge v\u00e6rdien af de annoncer, der vises p\u00e5 siden. Hvis du ikke \u00f8nsker, at der indsamles oplysninger, b\u00f8r du slette dine cookies (se vejledning) og undlade videre brug af websitet. Nedenfor har vi [&hellip;]\" \/>\n<meta property=\"og:url\" content=\"https:\/\/vupea.com\/dk\/cookie-og-privatlivspolitik\/\" \/>\n<meta property=\"og:site_name\" content=\"Vupea\" \/>\n<meta property=\"article:modified_time\" content=\"2018-04-04T13:42:43+00:00\" \/>\n<meta name=\"twitter:card\" content=\"summary\" \/>\n<meta name=\"twitter:label1\" content=\"Estimated reading time\" \/>\n\t<meta name=\"twitter:data1\" content=\"3 minutes\" \/>\n<script type=\"application\/ld+json\" class=\"yoast-schema-graph\">{\"@context\":\"https:\/\/schema.org\",\"@graph\":[{\"@type\":\"WebPage\",\"@id\":\"https:\/\/vupea.com\/dk\/cookie-og-privatlivspolitik\/\",\"url\":\"https:\/\/vupea.com\/dk\/cookie-og-privatlivspolitik\/\",\"name\":\"Cookie- og privatlivspolitik | Vupea\",\"isPartOf\":{\"@id\":\"https:\/\/vupea.com\/dk\/#website\"},\"datePublished\":\"2017-06-10T16:46:35+00:00\",\"dateModified\":\"2018-04-04T13:42:43+00:00\",\"breadcrumb\":{\"@id\":\"https:\/\/vupea.com\/dk\/cookie-og-privatlivspolitik\/#breadcrumb\"},\"inLanguage\":\"en-GB\",\"potentialAction\":[{\"@type\":\"ReadAction\",\"target\":[\"https:\/\/vupea.com\/dk\/cookie-og-privatlivspolitik\/\"]}]},{\"@type\":\"BreadcrumbList\",\"@id\":\"https:\/\/vupea.com\/dk\/cookie-og-privatlivspolitik\/#breadcrumb\",\"itemListElement\":[{\"@type\":\"ListItem\",\"position\":1,\"name\":\"Home\",\"item\":\"https:\/\/vupea.com\/dk\/\"},{\"@type\":\"ListItem\",\"position\":2,\"name\":\"Cookie- og privatlivspolitik\"}]},{\"@type\":\"WebSite\",\"@id\":\"https:\/\/vupea.com\/dk\/#website\",\"url\":\"https:\/\/vupea.com\/dk\/\",\"name\":\"Vupea\",\"description\":\"Uvidenhed kan v&aelig;re dyrt\",\"potentialAction\":[{\"@type\":\"SearchAction\",\"target\":{\"@type\":\"EntryPoint\",\"urlTemplate\":\"https:\/\/vupea.com\/dk\/?s={search_term_string}\"},\"query-input\":\"required name=search_term_string\"}],\"inLanguage\":\"en-GB\"}]}<\/script>\n<!-- \/ Yoast SEO plugin. -->","yoast_head_json":{"title":"Cookie- og privatlivspolitik | Vupea","robots":{"index":"index","follow":"follow","max-snippet":"max-snippet:-1","max-image-preview":"max-image-preview:large","max-video-preview":"max-video-preview:-1"},"canonical":"https:\/\/vupea.com\/dk\/cookie-og-privatlivspolitik\/","og_locale":"en_GB","og_type":"article","og_title":"Cookie- og privatlivspolitik | Vupea","og_description":"N\u00e5r du bes\u00f8ger vores website indsamles der oplysninger om dig, som bruges til at tilpasse og forbedre vores indhold og til at \u00f8ge v\u00e6rdien af de annoncer, der vises p\u00e5 siden. Hvis du ikke \u00f8nsker, at der indsamles oplysninger, b\u00f8r du slette dine cookies (se vejledning) og undlade videre brug af websitet. Nedenfor har vi [&hellip;]","og_url":"https:\/\/vupea.com\/dk\/cookie-og-privatlivspolitik\/","og_site_name":"Vupea","article_modified_time":"2018-04-04T13:42:43+00:00","twitter_card":"summary","twitter_misc":{"Estimated reading time":"3 minutes"},"schema":{"@context":"https:\/\/schema.org","@graph":[{"@type":"WebPage","@id":"https:\/\/vupea.com\/dk\/cookie-og-privatlivspolitik\/","url":"https:\/\/vupea.com\/dk\/cookie-og-privatlivspolitik\/","name":"Cookie- og privatlivspolitik | Vupea","isPartOf":{"@id":"https:\/\/vupea.com\/dk\/#website"},"datePublished":"2017-06-10T16:46:35+00:00","dateModified":"2018-04-04T13:42:43+00:00","breadcrumb":{"@id":"https:\/\/vupea.com\/dk\/cookie-og-privatlivspolitik\/#breadcrumb"},"inLanguage":"en-GB","potentialAction":[{"@type":"ReadAction","target":["https:\/\/vupea.com\/dk\/cookie-og-privatlivspolitik\/"]}]},{"@type":"BreadcrumbList","@id":"https:\/\/vupea.com\/dk\/cookie-og-privatlivspolitik\/#breadcrumb","itemListElement":[{"@type":"ListItem","position":1,"name":"Home","item":"https:\/\/vupea.com\/dk\/"},{"@type":"ListItem","position":2,"name":"Cookie- og privatlivspolitik"}]},{"@type":"WebSite","@id":"https:\/\/vupea.com\/dk\/#website","url":"https:\/\/vupea.com\/dk\/","name":"Vupea","description":"Uvidenhed kan v&aelig;re dyrt","potentialAction":[{"@type":"SearchAction","target":{"@type":"EntryPoint","urlTemplate":"https:\/\/vupea.com\/dk\/?s={search_term_string}"},"query-input":"required name=search_term_string"}],"inLanguage":"en-GB"}]}},"_links":{"self":[{"href":"https:\/\/vupea.com\/dk\/wp-json\/wp\/v2\/pages\/80"}],"collection":[{"href":"https:\/\/vupea.com\/dk\/wp-json\/wp\/v2\/pages"}],"about":[{"href":"https:\/\/vupea.com\/dk\/wp-json\/wp\/v2\/types\/page"}],"author":[{"embeddable":true,"href":"https:\/\/vupea.com\/dk\/wp-json\/wp\/v2\/users\/1"}],"replies":[{"embeddable":true,"href":"https:\/\/vupea.com\/dk\/wp-json\/wp\/v2\/comments?post=80"}],"version-history":[{"count":6,"href":"https:\/\/vupea.com\/dk\/wp-json\/wp\/v2\/pages\/80\/revisions"}],"predecessor-version":[{"id":505,"href":"https:\/\/vupea.com\/dk\/wp-json\/wp\/v2\/pages\/80\/revisions\/505"}],"wp:attachment":[{"href":"https:\/\/vupea.com\/dk\/wp-json\/wp\/v2\/media?parent=80"}],"curies":[{"name":"wp","href":"https:\/\/api.w.org\/{rel}","templated":true}]}}